{"id":942,"date":"2024-07-05T12:28:09","date_gmt":"2024-07-05T12:28:09","guid":{"rendered":"https:\/\/bycorel.com\/?post_type=product&#038;p=942"},"modified":"2024-07-05T12:25:09","modified_gmt":"2024-07-05T12:25:09","slug":"invisible-desire-2","status":"publish","type":"product","link":"https:\/\/bycorel.com\/es\/shop\/invisible-desire-2\/","title":{"rendered":"Invisible Desire"},"content":{"rendered":"<p>La primera nota de la composici\u00f3n es afrutada y fresca, con toques dominantes de frutos rojos, violeta y naranja. Estos acordes confieren al perfume jugosidad y ligereza, aportando alegr\u00eda y una energ\u00eda desbordante. Unos instantes despu\u00e9s, la flor de azahar, el jazm\u00edn y la frambuesa se unen para completar el conjunto. Un elemento caracter\u00edstico de la composici\u00f3n es el azafr\u00e1n, con un aroma profundo y elegante, casi meloso, roto por un toque de amargura.<br \/>\nLa carnalidad, o la experiencia multinivel de nuestro propio cuerpo, es un elemento muy importante de nuestra identidad. Esta conciencia interior nos permite aprovechar al m\u00e1ximo las posibilidades que ofrece el cuerpo humano. Tambi\u00e9n nos permite establecer l\u00edmites y nos da una sensaci\u00f3n de completa coherencia interior.<br \/>\nInvisible Desire es un perfume para personas que buscan una fragancia sensual pero fresca y afrutada, adecuada tanto para el d\u00eda como para la noche.<\/p>\n<p><strong>Notas de salida:<\/strong> frutos rojos, violeta, naranja<br \/>\n<strong>Notas de coraz\u00f3n:<\/strong> jazm\u00edn, naranjo, frambuesa, azafr\u00e1n<br \/>\n<strong>Notas de fondo:<\/strong> madera de cachemira, \u00e1mbar gris amaderado, vainilla<\/p>\n","protected":false},"excerpt":{"rendered":"<p><span class=\"perfume\">Perfume<\/span><br \/>\n<span class=\"notes\">Composici\u00f3n floral y afrutada<\/span><\/p>\n<p>Invisible Desire es el anhelado encuentro de los amantes, la pasi\u00f3n ardiente y la verdadera intimidad. Es como un beso intenso en una c\u00e1lida noche de verano, la uni\u00f3n de dos cuerpos y la realizaci\u00f3n de los deseos pasionales. Esta fragancia motiva la acci\u00f3n, estimula los sentidos y eleva la confianza en uno mismo. <\/p>\n","protected":false},"featured_media":390,"template":"","meta":{"_acf_changed":false,"inline_featured_image":false,"_uag_custom_page_level_css":""},"product_brand":[],"product_cat":[35],"product_tag":[33],"class_list":{"0":"post-942","1":"product","2":"type-product","3":"status-publish","4":"has-post-thumbnail","6":"product_cat-fragrances-es","7":"product_tag-home-es","9":"first","10":"instock","11":"taxable","12":"shipping-taxable","13":"purchasable","14":"product-type-variable","15":"has-default-attributes"},"acf":[],"yoast_head":"<!-- This site is optimized with the Yoast SEO plugin v27.5 - https:\/\/yoast.com\/product\/yoast-seo-wordpress\/ -->\n<title>Invisible Desire - By Corel<\/title>\n<meta name=\"robots\" content=\"index, follow, max-snippet:-1, max-image-preview:large, max-video-preview:-1\" \/>\n<link rel=\"canonical\" href=\"https:\/\/bycorel.com\/es\/shop\/invisible-desire-2\/\" \/>\n<meta property=\"og:locale\" content=\"es_ES\" \/>\n<meta property=\"og:type\" content=\"article\" \/>\n<meta property=\"og:title\" content=\"Invisible Desire - By Corel\" \/>\n<meta property=\"og:description\" content=\"Perfume Composici\u00f3n floral y afrutada Invisible Desire es el anhelado encuentro de los amantes, la pasi\u00f3n ardiente y la verdadera intimidad. Es como un beso intenso en una c\u00e1lida noche de verano, la uni\u00f3n de dos cuerpos y la realizaci\u00f3n de los deseos pasionales. Esta fragancia motiva la acci\u00f3n, estimula los sentidos y eleva la confianza en uno mismo.\" \/>\n<meta property=\"og:url\" content=\"https:\/\/bycorel.com\/es\/shop\/invisible-desire-2\/\" \/>\n<meta property=\"og:site_name\" content=\"By Corel\" \/>\n<meta property=\"og:image\" content=\"https:\/\/bycorel.com\/wp-content\/uploads\/2024\/05\/Invisible-Desire-1-e1719388571431.jpg\" \/>\n\t<meta property=\"og:image:width\" content=\"1875\" \/>\n\t<meta property=\"og:image:height\" content=\"2500\" \/>\n\t<meta property=\"og:image:type\" content=\"image\/jpeg\" \/>\n<meta name=\"twitter:card\" content=\"summary_large_image\" \/>\n<meta name=\"twitter:label1\" content=\"Tiempo de lectura\" \/>\n\t<meta name=\"twitter:data1\" content=\"2 minutos\" \/>\n<script type=\"application\/ld+json\" class=\"yoast-schema-graph\">{\"@context\":\"https:\\\/\\\/schema.org\",\"@graph\":[{\"@type\":\"WebPage\",\"@id\":\"https:\\\/\\\/bycorel.com\\\/es\\\/shop\\\/invisible-desire-2\\\/\",\"url\":\"https:\\\/\\\/bycorel.com\\\/es\\\/shop\\\/invisible-desire-2\\\/\",\"name\":\"Invisible Desire - By Corel\",\"isPartOf\":{\"@id\":\"https:\\\/\\\/bycorel.com\\\/#website\"},\"primaryImageOfPage\":{\"@id\":\"https:\\\/\\\/bycorel.com\\\/es\\\/shop\\\/invisible-desire-2\\\/#primaryimage\"},\"image\":{\"@id\":\"https:\\\/\\\/bycorel.com\\\/es\\\/shop\\\/invisible-desire-2\\\/#primaryimage\"},\"thumbnailUrl\":\"https:\\\/\\\/bycorel.com\\\/wp-content\\\/uploads\\\/2024\\\/05\\\/Invisible-Desire-1-e1719388571431.jpg\",\"datePublished\":\"2024-07-05T12:28:09+00:00\",\"breadcrumb\":{\"@id\":\"https:\\\/\\\/bycorel.com\\\/es\\\/shop\\\/invisible-desire-2\\\/#breadcrumb\"},\"inLanguage\":\"es\",\"potentialAction\":[{\"@type\":\"ReadAction\",\"target\":[\"https:\\\/\\\/bycorel.com\\\/es\\\/shop\\\/invisible-desire-2\\\/\"]}]},{\"@type\":\"ImageObject\",\"inLanguage\":\"es\",\"@id\":\"https:\\\/\\\/bycorel.com\\\/es\\\/shop\\\/invisible-desire-2\\\/#primaryimage\",\"url\":\"https:\\\/\\\/bycorel.com\\\/wp-content\\\/uploads\\\/2024\\\/05\\\/Invisible-Desire-1-e1719388571431.jpg\",\"contentUrl\":\"https:\\\/\\\/bycorel.com\\\/wp-content\\\/uploads\\\/2024\\\/05\\\/Invisible-Desire-1-e1719388571431.jpg\",\"width\":1875,\"height\":2500},{\"@type\":\"BreadcrumbList\",\"@id\":\"https:\\\/\\\/bycorel.com\\\/es\\\/shop\\\/invisible-desire-2\\\/#breadcrumb\",\"itemListElement\":[{\"@type\":\"ListItem\",\"position\":1,\"name\":\"Strona g\u0142\u00f3wna\",\"item\":\"https:\\\/\\\/bycorel.com\\\/es\\\/\"},{\"@type\":\"ListItem\",\"position\":2,\"name\":\"Perfume\",\"item\":\"https:\\\/\\\/bycorel.com\\\/es\\\/shop\\\/\"},{\"@type\":\"ListItem\",\"position\":3,\"name\":\"Invisible Desire\"}]},{\"@type\":\"WebSite\",\"@id\":\"https:\\\/\\\/bycorel.com\\\/#website\",\"url\":\"https:\\\/\\\/bycorel.com\\\/\",\"name\":\"ByCorel\",\"description\":\"\",\"publisher\":{\"@id\":\"https:\\\/\\\/bycorel.com\\\/#organization\"},\"potentialAction\":[{\"@type\":\"SearchAction\",\"target\":{\"@type\":\"EntryPoint\",\"urlTemplate\":\"https:\\\/\\\/bycorel.com\\\/?s={search_term_string}\"},\"query-input\":{\"@type\":\"PropertyValueSpecification\",\"valueRequired\":true,\"valueName\":\"search_term_string\"}}],\"inLanguage\":\"es\"},{\"@type\":\"Organization\",\"@id\":\"https:\\\/\\\/bycorel.com\\\/#organization\",\"name\":\"ByCorel\",\"url\":\"https:\\\/\\\/bycorel.com\\\/\",\"logo\":{\"@type\":\"ImageObject\",\"inLanguage\":\"es\",\"@id\":\"https:\\\/\\\/bycorel.com\\\/#\\\/schema\\\/logo\\\/image\\\/\",\"url\":\"https:\\\/\\\/bycorel.com\\\/wp-content\\\/uploads\\\/2024\\\/05\\\/Bez-nazwy_black.svg\",\"contentUrl\":\"https:\\\/\\\/bycorel.com\\\/wp-content\\\/uploads\\\/2024\\\/05\\\/Bez-nazwy_black.svg\",\"caption\":\"ByCorel\"},\"image\":{\"@id\":\"https:\\\/\\\/bycorel.com\\\/#\\\/schema\\\/logo\\\/image\\\/\"}}]}<\/script>\n<!-- \/ Yoast SEO plugin. -->","yoast_head_json":{"title":"Invisible Desire - By Corel","robots":{"index":"index","follow":"follow","max-snippet":"max-snippet:-1","max-image-preview":"max-image-preview:large","max-video-preview":"max-video-preview:-1"},"canonical":"https:\/\/bycorel.com\/es\/shop\/invisible-desire-2\/","og_locale":"es_ES","og_type":"article","og_title":"Invisible Desire - By Corel","og_description":"Perfume Composici\u00f3n floral y afrutada Invisible Desire es el anhelado encuentro de los amantes, la pasi\u00f3n ardiente y la verdadera intimidad. Es como un beso intenso en una c\u00e1lida noche de verano, la uni\u00f3n de dos cuerpos y la realizaci\u00f3n de los deseos pasionales. Esta fragancia motiva la acci\u00f3n, estimula los sentidos y eleva la confianza en uno mismo.","og_url":"https:\/\/bycorel.com\/es\/shop\/invisible-desire-2\/","og_site_name":"By Corel","og_image":[{"width":1875,"height":2500,"url":"https:\/\/bycorel.com\/wp-content\/uploads\/2024\/05\/Invisible-Desire-1-e1719388571431.jpg","type":"image\/jpeg"}],"twitter_card":"summary_large_image","twitter_misc":{"Tiempo de lectura":"2 minutos"},"schema":{"@context":"https:\/\/schema.org","@graph":[{"@type":"WebPage","@id":"https:\/\/bycorel.com\/es\/shop\/invisible-desire-2\/","url":"https:\/\/bycorel.com\/es\/shop\/invisible-desire-2\/","name":"Invisible Desire - By Corel","isPartOf":{"@id":"https:\/\/bycorel.com\/#website"},"primaryImageOfPage":{"@id":"https:\/\/bycorel.com\/es\/shop\/invisible-desire-2\/#primaryimage"},"image":{"@id":"https:\/\/bycorel.com\/es\/shop\/invisible-desire-2\/#primaryimage"},"thumbnailUrl":"https:\/\/bycorel.com\/wp-content\/uploads\/2024\/05\/Invisible-Desire-1-e1719388571431.jpg","datePublished":"2024-07-05T12:28:09+00:00","breadcrumb":{"@id":"https:\/\/bycorel.com\/es\/shop\/invisible-desire-2\/#breadcrumb"},"inLanguage":"es","potentialAction":[{"@type":"ReadAction","target":["https:\/\/bycorel.com\/es\/shop\/invisible-desire-2\/"]}]},{"@type":"ImageObject","inLanguage":"es","@id":"https:\/\/bycorel.com\/es\/shop\/invisible-desire-2\/#primaryimage","url":"https:\/\/bycorel.com\/wp-content\/uploads\/2024\/05\/Invisible-Desire-1-e1719388571431.jpg","contentUrl":"https:\/\/bycorel.com\/wp-content\/uploads\/2024\/05\/Invisible-Desire-1-e1719388571431.jpg","width":1875,"height":2500},{"@type":"BreadcrumbList","@id":"https:\/\/bycorel.com\/es\/shop\/invisible-desire-2\/#breadcrumb","itemListElement":[{"@type":"ListItem","position":1,"name":"Strona g\u0142\u00f3wna","item":"https:\/\/bycorel.com\/es\/"},{"@type":"ListItem","position":2,"name":"Perfume","item":"https:\/\/bycorel.com\/es\/shop\/"},{"@type":"ListItem","position":3,"name":"Invisible Desire"}]},{"@type":"WebSite","@id":"https:\/\/bycorel.com\/#website","url":"https:\/\/bycorel.com\/","name":"ByCorel","description":"","publisher":{"@id":"https:\/\/bycorel.com\/#organization"},"potentialAction":[{"@type":"SearchAction","target":{"@type":"EntryPoint","urlTemplate":"https:\/\/bycorel.com\/?s={search_term_string}"},"query-input":{"@type":"PropertyValueSpecification","valueRequired":true,"valueName":"search_term_string"}}],"inLanguage":"es"},{"@type":"Organization","@id":"https:\/\/bycorel.com\/#organization","name":"ByCorel","url":"https:\/\/bycorel.com\/","logo":{"@type":"ImageObject","inLanguage":"es","@id":"https:\/\/bycorel.com\/#\/schema\/logo\/image\/","url":"https:\/\/bycorel.com\/wp-content\/uploads\/2024\/05\/Bez-nazwy_black.svg","contentUrl":"https:\/\/bycorel.com\/wp-content\/uploads\/2024\/05\/Bez-nazwy_black.svg","caption":"ByCorel"},"image":{"@id":"https:\/\/bycorel.com\/#\/schema\/logo\/image\/"}}]}},"uagb_featured_image_src":{"full":["https:\/\/bycorel.com\/wp-content\/uploads\/2024\/05\/Invisible-Desire-1-e1719388571431.jpg",1875,2500,false],"thumbnail":["https:\/\/bycorel.com\/wp-content\/uploads\/2024\/05\/Invisible-Desire-1-150x150.jpg",150,150,true],"medium":["https:\/\/bycorel.com\/wp-content\/uploads\/2024\/05\/Invisible-Desire-1-225x300.jpg",225,300,true],"medium_large":["https:\/\/bycorel.com\/wp-content\/uploads\/2024\/05\/Invisible-Desire-1-768x1024.jpg",768,1024,true],"large":["https:\/\/bycorel.com\/wp-content\/uploads\/2024\/05\/Invisible-Desire-1-768x1024.jpg",768,1024,true],"1536x1536":["https:\/\/bycorel.com\/wp-content\/uploads\/2024\/05\/Invisible-Desire-1-1152x1536.jpg",1152,1536,true],"2048x2048":["https:\/\/bycorel.com\/wp-content\/uploads\/2024\/05\/Invisible-Desire-1-1536x2048.jpg",1536,2048,true],"square-thumbnail":["https:\/\/bycorel.com\/wp-content\/uploads\/2024\/05\/Invisible-Desire-1-e1719388571431.jpg",600,800,false],"max-square":["https:\/\/bycorel.com\/wp-content\/uploads\/2024\/05\/Invisible-Desire-1-800x800.jpg",800,800,true],"woocommerce_thumbnail":["https:\/\/bycorel.com\/wp-content\/uploads\/2024\/05\/Invisible-Desire-1-300x300.jpg",300,300,true],"woocommerce_single":["https:\/\/bycorel.com\/wp-content\/uploads\/2024\/05\/Invisible-Desire-1-600x800.jpg",600,800,true],"woocommerce_gallery_thumbnail":["https:\/\/bycorel.com\/wp-content\/uploads\/2024\/05\/Invisible-Desire-1-100x100.jpg",100,100,true]},"uagb_author_info":{"display_name":"Arkadiusz","author_link":"https:\/\/bycorel.com\/es\/author\/"},"uagb_comment_info":0,"uagb_excerpt":"Perfume Composici\u00f3n floral y afrutada Invisible Desire es el anhelado encuentro de los amantes, la pasi\u00f3n ardiente y la verdadera intimidad. Es como un beso intenso en una c\u00e1lida noche de verano, la uni\u00f3n de dos cuerpos y la realizaci\u00f3n de los deseos pasionales. Esta fragancia motiva la acci\u00f3n, estimula los sentidos y eleva la&hellip;","_links":{"self":[{"href":"https:\/\/bycorel.com\/es\/wp-json\/wp\/v2\/product\/942","targetHints":{"allow":["GET"]}}],"collection":[{"href":"https:\/\/bycorel.com\/es\/wp-json\/wp\/v2\/product"}],"about":[{"href":"https:\/\/bycorel.com\/es\/wp-json\/wp\/v2\/types\/product"}],"wp:featuredmedia":[{"embeddable":true,"href":"https:\/\/bycorel.com\/es\/wp-json\/wp\/v2\/media\/390"}],"wp:attachment":[{"href":"https:\/\/bycorel.com\/es\/wp-json\/wp\/v2\/media?parent=942"}],"wp:term":[{"taxonomy":"product_brand","embeddable":true,"href":"https:\/\/bycorel.com\/es\/wp-json\/wp\/v2\/product_brand?post=942"},{"taxonomy":"product_cat","embeddable":true,"href":"https:\/\/bycorel.com\/es\/wp-json\/wp\/v2\/product_cat?post=942"},{"taxonomy":"product_tag","embeddable":true,"href":"https:\/\/bycorel.com\/es\/wp-json\/wp\/v2\/product_tag?post=942"}],"curies":[{"name":"wp","href":"https:\/\/api.w.org\/{rel}","templated":true}]}}