{"id":949,"date":"2024-07-05T12:29:09","date_gmt":"2024-07-05T12:29:09","guid":{"rendered":"https:\/\/bycorel.com\/?post_type=product&#038;p=949"},"modified":"2024-07-05T12:25:09","modified_gmt":"2024-07-05T12:25:09","slug":"dialma-2","status":"publish","type":"product","link":"https:\/\/bycorel.com\/es\/shop\/dialma-2\/","title":{"rendered":"Dialma"},"content":{"rendered":"<p>Esta fragancia es una experiencia gourmet, delicioso, arom\u00e1tico como un postre de pistacho. Ideal para quienes aprecian una experiencia sensorial. Llena de calidez l\u00e1ctico, suave por un lado, y en\u00e9rgica por el otro, especiada con cardamomo y canela. Tambi\u00e9n encontrar\u00e1s arom\u00e1ticas avellanas tostadas y pistachos. Son los pistachos los que profundizan el car\u00e1cter de la composici\u00f3n y la armonizan a la perfecci\u00f3n. El haba tonka, con su aroma ligeramente amargo y almendrado, completa el conjunto y confiere al perfume un toque singular.<\/p>\n<p>T\u00f3mese su tiempo para reflexionar, insp\u00edrate y disfruta este aroma!<\/p>\n<p><strong>Notas de salida:<\/strong> pistacho, canela, cardamomo<br \/>\n<strong>Notas de coraz\u00f3n:<\/strong> ciruela, leche, avellana tostada, macarr\u00f3n de pistacho<br \/>\n<strong>Notas de fondo:<\/strong> vainilla, haba tonka<\/p>\n","protected":false},"excerpt":{"rendered":"<p><span class=\"perfume\">Perfume<\/span><br \/>\n<span class=\"notes\">Composici\u00f3n oriental y afrutada<\/span><\/p>\n<p>Dialma refleja la reconexi\u00f3n con uno mismo. La fragancia representa un conjunto de experiencias y vivencias que te recuerdan la importancia del viaje hacia tu interior. Sus aromas te permiten alcanzar una armon\u00eda sensitiva y encontrarte con la persona m\u00e1s importante de tu vida: te conocer\u00e1s, te comprender\u00e1s y te aceptar\u00e1s. \u00a1Atr\u00e9vete a emprender este viaje!<\/p>\n","protected":false},"featured_media":384,"template":"","meta":{"_acf_changed":false,"inline_featured_image":false,"_uag_custom_page_level_css":""},"product_brand":[],"product_cat":[35],"product_tag":[33],"class_list":{"0":"post-949","1":"product","2":"type-product","3":"status-publish","4":"has-post-thumbnail","6":"product_cat-fragrances-es","7":"product_tag-home-es","9":"first","10":"instock","11":"taxable","12":"shipping-taxable","13":"purchasable","14":"product-type-variable","15":"has-default-attributes"},"acf":[],"yoast_head":"<!-- This site is optimized with the Yoast SEO plugin v27.5 - https:\/\/yoast.com\/product\/yoast-seo-wordpress\/ -->\n<title>Dialma - By Corel<\/title>\n<meta name=\"robots\" content=\"index, follow, max-snippet:-1, max-image-preview:large, max-video-preview:-1\" \/>\n<link rel=\"canonical\" href=\"https:\/\/bycorel.com\/shop\/dialma\/\" \/>\n<meta property=\"og:locale\" content=\"es_ES\" \/>\n<meta property=\"og:type\" content=\"article\" \/>\n<meta property=\"og:title\" content=\"Dialma - By Corel\" \/>\n<meta property=\"og:description\" content=\"Perfume Composici\u00f3n oriental y afrutada  Dialma refleja la reconexi\u00f3n con uno mismo. La fragancia representa un conjunto de experiencias y vivencias que te recuerdan la importancia del viaje hacia tu interior. Sus aromas te permiten alcanzar una armon\u00eda sensitiva y encontrarte con la persona m\u00e1s importante de tu vida: te conocer\u00e1s, te comprender\u00e1s y te aceptar\u00e1s. \u00a1Atr\u00e9vete a emprender este viaje!\" \/>\n<meta property=\"og:url\" content=\"https:\/\/bycorel.com\/shop\/dialma\/\" \/>\n<meta property=\"og:site_name\" content=\"By Corel\" \/>\n<meta property=\"og:image\" content=\"https:\/\/bycorel.com\/wp-content\/uploads\/2024\/05\/Dialma-1-e1719388447225.jpg\" \/>\n\t<meta property=\"og:image:width\" content=\"1875\" \/>\n\t<meta property=\"og:image:height\" content=\"2500\" \/>\n\t<meta property=\"og:image:type\" content=\"image\/jpeg\" \/>\n<meta name=\"twitter:card\" content=\"summary_large_image\" \/>\n<meta name=\"twitter:label1\" content=\"Tiempo de lectura\" \/>\n\t<meta name=\"twitter:data1\" content=\"1 minuto\" \/>\n<script type=\"application\/ld+json\" class=\"yoast-schema-graph\">{\"@context\":\"https:\\\/\\\/schema.org\",\"@graph\":[{\"@type\":\"WebPage\",\"@id\":\"https:\\\/\\\/bycorel.com\\\/shop\\\/dialma\\\/\",\"url\":\"https:\\\/\\\/bycorel.com\\\/shop\\\/dialma\\\/\",\"name\":\"Dialma - By Corel\",\"isPartOf\":{\"@id\":\"https:\\\/\\\/bycorel.com\\\/#website\"},\"primaryImageOfPage\":{\"@id\":\"https:\\\/\\\/bycorel.com\\\/shop\\\/dialma\\\/#primaryimage\"},\"image\":{\"@id\":\"https:\\\/\\\/bycorel.com\\\/shop\\\/dialma\\\/#primaryimage\"},\"thumbnailUrl\":\"https:\\\/\\\/bycorel.com\\\/wp-content\\\/uploads\\\/2024\\\/05\\\/Dialma-1-e1719388447225.jpg\",\"datePublished\":\"2024-07-05T12:29:09+00:00\",\"breadcrumb\":{\"@id\":\"https:\\\/\\\/bycorel.com\\\/shop\\\/dialma\\\/#breadcrumb\"},\"inLanguage\":\"es\",\"potentialAction\":[{\"@type\":\"ReadAction\",\"target\":[\"https:\\\/\\\/bycorel.com\\\/shop\\\/dialma\\\/\"]}]},{\"@type\":\"ImageObject\",\"inLanguage\":\"es\",\"@id\":\"https:\\\/\\\/bycorel.com\\\/shop\\\/dialma\\\/#primaryimage\",\"url\":\"https:\\\/\\\/bycorel.com\\\/wp-content\\\/uploads\\\/2024\\\/05\\\/Dialma-1-e1719388447225.jpg\",\"contentUrl\":\"https:\\\/\\\/bycorel.com\\\/wp-content\\\/uploads\\\/2024\\\/05\\\/Dialma-1-e1719388447225.jpg\",\"width\":1875,\"height\":2500},{\"@type\":\"BreadcrumbList\",\"@id\":\"https:\\\/\\\/bycorel.com\\\/shop\\\/dialma\\\/#breadcrumb\",\"itemListElement\":[{\"@type\":\"ListItem\",\"position\":1,\"name\":\"Strona g\u0142\u00f3wna\",\"item\":\"https:\\\/\\\/bycorel.com\\\/es\\\/\"},{\"@type\":\"ListItem\",\"position\":2,\"name\":\"Perfume\",\"item\":\"https:\\\/\\\/bycorel.com\\\/es\\\/shop\\\/\"},{\"@type\":\"ListItem\",\"position\":3,\"name\":\"Dialma\"}]},{\"@type\":\"WebSite\",\"@id\":\"https:\\\/\\\/bycorel.com\\\/#website\",\"url\":\"https:\\\/\\\/bycorel.com\\\/\",\"name\":\"ByCorel\",\"description\":\"\",\"publisher\":{\"@id\":\"https:\\\/\\\/bycorel.com\\\/#organization\"},\"potentialAction\":[{\"@type\":\"SearchAction\",\"target\":{\"@type\":\"EntryPoint\",\"urlTemplate\":\"https:\\\/\\\/bycorel.com\\\/?s={search_term_string}\"},\"query-input\":{\"@type\":\"PropertyValueSpecification\",\"valueRequired\":true,\"valueName\":\"search_term_string\"}}],\"inLanguage\":\"es\"},{\"@type\":\"Organization\",\"@id\":\"https:\\\/\\\/bycorel.com\\\/#organization\",\"name\":\"ByCorel\",\"url\":\"https:\\\/\\\/bycorel.com\\\/\",\"logo\":{\"@type\":\"ImageObject\",\"inLanguage\":\"es\",\"@id\":\"https:\\\/\\\/bycorel.com\\\/#\\\/schema\\\/logo\\\/image\\\/\",\"url\":\"https:\\\/\\\/bycorel.com\\\/wp-content\\\/uploads\\\/2024\\\/05\\\/Bez-nazwy_black.svg\",\"contentUrl\":\"https:\\\/\\\/bycorel.com\\\/wp-content\\\/uploads\\\/2024\\\/05\\\/Bez-nazwy_black.svg\",\"caption\":\"ByCorel\"},\"image\":{\"@id\":\"https:\\\/\\\/bycorel.com\\\/#\\\/schema\\\/logo\\\/image\\\/\"}}]}<\/script>\n<!-- \/ Yoast SEO plugin. -->","yoast_head_json":{"title":"Dialma - By Corel","robots":{"index":"index","follow":"follow","max-snippet":"max-snippet:-1","max-image-preview":"max-image-preview:large","max-video-preview":"max-video-preview:-1"},"canonical":"https:\/\/bycorel.com\/shop\/dialma\/","og_locale":"es_ES","og_type":"article","og_title":"Dialma - By Corel","og_description":"Perfume Composici\u00f3n oriental y afrutada  Dialma refleja la reconexi\u00f3n con uno mismo. La fragancia representa un conjunto de experiencias y vivencias que te recuerdan la importancia del viaje hacia tu interior. Sus aromas te permiten alcanzar una armon\u00eda sensitiva y encontrarte con la persona m\u00e1s importante de tu vida: te conocer\u00e1s, te comprender\u00e1s y te aceptar\u00e1s. \u00a1Atr\u00e9vete a emprender este viaje!","og_url":"https:\/\/bycorel.com\/shop\/dialma\/","og_site_name":"By Corel","og_image":[{"width":1875,"height":2500,"url":"https:\/\/bycorel.com\/wp-content\/uploads\/2024\/05\/Dialma-1-e1719388447225.jpg","type":"image\/jpeg"}],"twitter_card":"summary_large_image","twitter_misc":{"Tiempo de lectura":"1 minuto"},"schema":{"@context":"https:\/\/schema.org","@graph":[{"@type":"WebPage","@id":"https:\/\/bycorel.com\/shop\/dialma\/","url":"https:\/\/bycorel.com\/shop\/dialma\/","name":"Dialma - By Corel","isPartOf":{"@id":"https:\/\/bycorel.com\/#website"},"primaryImageOfPage":{"@id":"https:\/\/bycorel.com\/shop\/dialma\/#primaryimage"},"image":{"@id":"https:\/\/bycorel.com\/shop\/dialma\/#primaryimage"},"thumbnailUrl":"https:\/\/bycorel.com\/wp-content\/uploads\/2024\/05\/Dialma-1-e1719388447225.jpg","datePublished":"2024-07-05T12:29:09+00:00","breadcrumb":{"@id":"https:\/\/bycorel.com\/shop\/dialma\/#breadcrumb"},"inLanguage":"es","potentialAction":[{"@type":"ReadAction","target":["https:\/\/bycorel.com\/shop\/dialma\/"]}]},{"@type":"ImageObject","inLanguage":"es","@id":"https:\/\/bycorel.com\/shop\/dialma\/#primaryimage","url":"https:\/\/bycorel.com\/wp-content\/uploads\/2024\/05\/Dialma-1-e1719388447225.jpg","contentUrl":"https:\/\/bycorel.com\/wp-content\/uploads\/2024\/05\/Dialma-1-e1719388447225.jpg","width":1875,"height":2500},{"@type":"BreadcrumbList","@id":"https:\/\/bycorel.com\/shop\/dialma\/#breadcrumb","itemListElement":[{"@type":"ListItem","position":1,"name":"Strona g\u0142\u00f3wna","item":"https:\/\/bycorel.com\/es\/"},{"@type":"ListItem","position":2,"name":"Perfume","item":"https:\/\/bycorel.com\/es\/shop\/"},{"@type":"ListItem","position":3,"name":"Dialma"}]},{"@type":"WebSite","@id":"https:\/\/bycorel.com\/#website","url":"https:\/\/bycorel.com\/","name":"ByCorel","description":"","publisher":{"@id":"https:\/\/bycorel.com\/#organization"},"potentialAction":[{"@type":"SearchAction","target":{"@type":"EntryPoint","urlTemplate":"https:\/\/bycorel.com\/?s={search_term_string}"},"query-input":{"@type":"PropertyValueSpecification","valueRequired":true,"valueName":"search_term_string"}}],"inLanguage":"es"},{"@type":"Organization","@id":"https:\/\/bycorel.com\/#organization","name":"ByCorel","url":"https:\/\/bycorel.com\/","logo":{"@type":"ImageObject","inLanguage":"es","@id":"https:\/\/bycorel.com\/#\/schema\/logo\/image\/","url":"https:\/\/bycorel.com\/wp-content\/uploads\/2024\/05\/Bez-nazwy_black.svg","contentUrl":"https:\/\/bycorel.com\/wp-content\/uploads\/2024\/05\/Bez-nazwy_black.svg","caption":"ByCorel"},"image":{"@id":"https:\/\/bycorel.com\/#\/schema\/logo\/image\/"}}]}},"uagb_featured_image_src":{"full":["https:\/\/bycorel.com\/wp-content\/uploads\/2024\/05\/Dialma-1-e1719388447225.jpg",1875,2500,false],"thumbnail":["https:\/\/bycorel.com\/wp-content\/uploads\/2024\/05\/Dialma-1-150x150.jpg",150,150,true],"medium":["https:\/\/bycorel.com\/wp-content\/uploads\/2024\/05\/Dialma-1-225x300.jpg",225,300,true],"medium_large":["https:\/\/bycorel.com\/wp-content\/uploads\/2024\/05\/Dialma-1-768x1024.jpg",768,1024,true],"large":["https:\/\/bycorel.com\/wp-content\/uploads\/2024\/05\/Dialma-1-768x1024.jpg",768,1024,true],"1536x1536":["https:\/\/bycorel.com\/wp-content\/uploads\/2024\/05\/Dialma-1-1152x1536.jpg",1152,1536,true],"2048x2048":["https:\/\/bycorel.com\/wp-content\/uploads\/2024\/05\/Dialma-1-1536x2048.jpg",1536,2048,true],"square-thumbnail":["https:\/\/bycorel.com\/wp-content\/uploads\/2024\/05\/Dialma-1-e1719388447225.jpg",600,800,false],"max-square":["https:\/\/bycorel.com\/wp-content\/uploads\/2024\/05\/Dialma-1-800x800.jpg",800,800,true],"woocommerce_thumbnail":["https:\/\/bycorel.com\/wp-content\/uploads\/2024\/05\/Dialma-1-300x300.jpg",300,300,true],"woocommerce_single":["https:\/\/bycorel.com\/wp-content\/uploads\/2024\/05\/Dialma-1-600x800.jpg",600,800,true],"woocommerce_gallery_thumbnail":["https:\/\/bycorel.com\/wp-content\/uploads\/2024\/05\/Dialma-1-100x100.jpg",100,100,true]},"uagb_author_info":{"display_name":"Arkadiusz","author_link":"https:\/\/bycorel.com\/es\/author\/"},"uagb_comment_info":0,"uagb_excerpt":"Perfume Composici\u00f3n oriental y afrutada Dialma refleja la reconexi\u00f3n con uno mismo. La fragancia representa un conjunto de experiencias y vivencias que te recuerdan la importancia del viaje hacia tu interior. Sus aromas te permiten alcanzar una armon\u00eda sensitiva y encontrarte con la persona m\u00e1s importante de tu vida: te conocer\u00e1s, te comprender\u00e1s y te&hellip;","_links":{"self":[{"href":"https:\/\/bycorel.com\/es\/wp-json\/wp\/v2\/product\/949","targetHints":{"allow":["GET"]}}],"collection":[{"href":"https:\/\/bycorel.com\/es\/wp-json\/wp\/v2\/product"}],"about":[{"href":"https:\/\/bycorel.com\/es\/wp-json\/wp\/v2\/types\/product"}],"wp:featuredmedia":[{"embeddable":true,"href":"https:\/\/bycorel.com\/es\/wp-json\/wp\/v2\/media\/384"}],"wp:attachment":[{"href":"https:\/\/bycorel.com\/es\/wp-json\/wp\/v2\/media?parent=949"}],"wp:term":[{"taxonomy":"product_brand","embeddable":true,"href":"https:\/\/bycorel.com\/es\/wp-json\/wp\/v2\/product_brand?post=949"},{"taxonomy":"product_cat","embeddable":true,"href":"https:\/\/bycorel.com\/es\/wp-json\/wp\/v2\/product_cat?post=949"},{"taxonomy":"product_tag","embeddable":true,"href":"https:\/\/bycorel.com\/es\/wp-json\/wp\/v2\/product_tag?post=949"}],"curies":[{"name":"wp","href":"https:\/\/api.w.org\/{rel}","templated":true}]}}