{"id":955,"date":"2024-07-05T12:30:09","date_gmt":"2024-07-05T12:30:09","guid":{"rendered":"https:\/\/bycorel.com\/?post_type=product&#038;p=955"},"modified":"2024-11-26T21:33:52","modified_gmt":"2024-11-26T21:33:52","slug":"discovery-set-2","status":"publish","type":"product","link":"https:\/\/bycorel.com\/es\/shop\/discovery-set-2\/","title":{"rendered":"Discovery Set"},"content":{"rendered":"","protected":false},"excerpt":{"rendered":"<p>El verdadero car\u00e1cter de una fragancia s\u00f3lo se descubre en tu propia piel. Pru\u00e9belas todas y encuentre la perfecta para usted.<\/p>\n<p><strong>DIALMA 2 ml<\/strong><br \/>\n<strong>INVISIBLE DESIRE 2 ml<\/strong><br \/>\n<strong>SHARING CONCEPT 2 ml<\/strong><\/p>\n","protected":false},"featured_media":2998,"template":"","meta":{"_acf_changed":false,"inline_featured_image":false,"_uag_custom_page_level_css":""},"product_brand":[],"product_cat":[35],"product_tag":[33],"class_list":{"0":"post-955","1":"product","2":"type-product","3":"status-publish","4":"has-post-thumbnail","6":"product_cat-fragrances-es","7":"product_tag-home-es","9":"first","10":"instock","11":"taxable","12":"shipping-taxable","13":"purchasable","14":"product-type-simple"},"acf":[],"yoast_head":"<!-- This site is optimized with the Yoast SEO plugin v27.5 - https:\/\/yoast.com\/product\/yoast-seo-wordpress\/ -->\n<title>Discovery Set - By Corel<\/title>\n<meta name=\"robots\" content=\"index, follow, max-snippet:-1, max-image-preview:large, max-video-preview:-1\" \/>\n<link rel=\"canonical\" href=\"https:\/\/bycorel.com\/es\/shop\/discovery-set-2\/\" \/>\n<meta property=\"og:locale\" content=\"es_ES\" \/>\n<meta property=\"og:type\" content=\"article\" \/>\n<meta property=\"og:title\" content=\"Discovery Set - By Corel\" \/>\n<meta property=\"og:description\" content=\"El verdadero car\u00e1cter de una fragancia s\u00f3lo se descubre en tu propia piel. Pru\u00e9belas todas y encuentre la perfecta para usted.  DIALMA 2 ml INVISIBLE DESIRE 2 ml SHARING CONCEPT 2 ml\" \/>\n<meta property=\"og:url\" content=\"https:\/\/bycorel.com\/es\/shop\/discovery-set-2\/\" \/>\n<meta property=\"og:site_name\" content=\"By Corel\" \/>\n<meta property=\"article:modified_time\" content=\"2024-11-26T21:33:52+00:00\" \/>\n<meta property=\"og:image\" content=\"https:\/\/bycorel.com\/wp-content\/uploads\/2024\/06\/Discovery-set-nr-1.jpg\" \/>\n\t<meta property=\"og:image:width\" content=\"2500\" \/>\n\t<meta property=\"og:image:height\" content=\"2000\" \/>\n\t<meta property=\"og:image:type\" content=\"image\/jpeg\" \/>\n<meta name=\"twitter:card\" content=\"summary_large_image\" \/>\n<meta name=\"twitter:label1\" content=\"Tiempo de lectura\" \/>\n\t<meta name=\"twitter:data1\" content=\"1 minuto\" \/>\n<script type=\"application\/ld+json\" class=\"yoast-schema-graph\">{\"@context\":\"https:\\\/\\\/schema.org\",\"@graph\":[{\"@type\":\"WebPage\",\"@id\":\"https:\\\/\\\/bycorel.com\\\/es\\\/shop\\\/discovery-set-2\\\/\",\"url\":\"https:\\\/\\\/bycorel.com\\\/es\\\/shop\\\/discovery-set-2\\\/\",\"name\":\"Discovery Set - By Corel\",\"isPartOf\":{\"@id\":\"https:\\\/\\\/bycorel.com\\\/#website\"},\"primaryImageOfPage\":{\"@id\":\"https:\\\/\\\/bycorel.com\\\/es\\\/shop\\\/discovery-set-2\\\/#primaryimage\"},\"image\":{\"@id\":\"https:\\\/\\\/bycorel.com\\\/es\\\/shop\\\/discovery-set-2\\\/#primaryimage\"},\"thumbnailUrl\":\"https:\\\/\\\/bycorel.com\\\/wp-content\\\/uploads\\\/2024\\\/07\\\/DSC_0286.jpg\",\"datePublished\":\"2024-07-05T12:30:09+00:00\",\"dateModified\":\"2024-11-26T21:33:52+00:00\",\"breadcrumb\":{\"@id\":\"https:\\\/\\\/bycorel.com\\\/es\\\/shop\\\/discovery-set-2\\\/#breadcrumb\"},\"inLanguage\":\"es\",\"potentialAction\":[{\"@type\":\"ReadAction\",\"target\":[\"https:\\\/\\\/bycorel.com\\\/es\\\/shop\\\/discovery-set-2\\\/\"]}]},{\"@type\":\"ImageObject\",\"inLanguage\":\"es\",\"@id\":\"https:\\\/\\\/bycorel.com\\\/es\\\/shop\\\/discovery-set-2\\\/#primaryimage\",\"url\":\"https:\\\/\\\/bycorel.com\\\/wp-content\\\/uploads\\\/2024\\\/07\\\/DSC_0286.jpg\",\"contentUrl\":\"https:\\\/\\\/bycorel.com\\\/wp-content\\\/uploads\\\/2024\\\/07\\\/DSC_0286.jpg\",\"width\":1667,\"height\":2500},{\"@type\":\"BreadcrumbList\",\"@id\":\"https:\\\/\\\/bycorel.com\\\/es\\\/shop\\\/discovery-set-2\\\/#breadcrumb\",\"itemListElement\":[{\"@type\":\"ListItem\",\"position\":1,\"name\":\"Strona g\u0142\u00f3wna\",\"item\":\"https:\\\/\\\/bycorel.com\\\/es\\\/\"},{\"@type\":\"ListItem\",\"position\":2,\"name\":\"Perfume\",\"item\":\"https:\\\/\\\/bycorel.com\\\/es\\\/shop\\\/\"},{\"@type\":\"ListItem\",\"position\":3,\"name\":\"Discovery Set\"}]},{\"@type\":\"WebSite\",\"@id\":\"https:\\\/\\\/bycorel.com\\\/#website\",\"url\":\"https:\\\/\\\/bycorel.com\\\/\",\"name\":\"ByCorel\",\"description\":\"\",\"publisher\":{\"@id\":\"https:\\\/\\\/bycorel.com\\\/#organization\"},\"potentialAction\":[{\"@type\":\"SearchAction\",\"target\":{\"@type\":\"EntryPoint\",\"urlTemplate\":\"https:\\\/\\\/bycorel.com\\\/?s={search_term_string}\"},\"query-input\":{\"@type\":\"PropertyValueSpecification\",\"valueRequired\":true,\"valueName\":\"search_term_string\"}}],\"inLanguage\":\"es\"},{\"@type\":\"Organization\",\"@id\":\"https:\\\/\\\/bycorel.com\\\/#organization\",\"name\":\"ByCorel\",\"url\":\"https:\\\/\\\/bycorel.com\\\/\",\"logo\":{\"@type\":\"ImageObject\",\"inLanguage\":\"es\",\"@id\":\"https:\\\/\\\/bycorel.com\\\/#\\\/schema\\\/logo\\\/image\\\/\",\"url\":\"https:\\\/\\\/bycorel.com\\\/wp-content\\\/uploads\\\/2024\\\/05\\\/Bez-nazwy_black.svg\",\"contentUrl\":\"https:\\\/\\\/bycorel.com\\\/wp-content\\\/uploads\\\/2024\\\/05\\\/Bez-nazwy_black.svg\",\"caption\":\"ByCorel\"},\"image\":{\"@id\":\"https:\\\/\\\/bycorel.com\\\/#\\\/schema\\\/logo\\\/image\\\/\"}}]}<\/script>\n<!-- \/ Yoast SEO plugin. -->","yoast_head_json":{"title":"Discovery Set - By Corel","robots":{"index":"index","follow":"follow","max-snippet":"max-snippet:-1","max-image-preview":"max-image-preview:large","max-video-preview":"max-video-preview:-1"},"canonical":"https:\/\/bycorel.com\/es\/shop\/discovery-set-2\/","og_locale":"es_ES","og_type":"article","og_title":"Discovery Set - By Corel","og_description":"El verdadero car\u00e1cter de una fragancia s\u00f3lo se descubre en tu propia piel. Pru\u00e9belas todas y encuentre la perfecta para usted.  DIALMA 2 ml INVISIBLE DESIRE 2 ml SHARING CONCEPT 2 ml","og_url":"https:\/\/bycorel.com\/es\/shop\/discovery-set-2\/","og_site_name":"By Corel","article_modified_time":"2024-11-26T21:33:52+00:00","og_image":[{"width":2500,"height":2000,"url":"https:\/\/bycorel.com\/wp-content\/uploads\/2024\/06\/Discovery-set-nr-1.jpg","type":"image\/jpeg"}],"twitter_card":"summary_large_image","twitter_misc":{"Tiempo de lectura":"1 minuto"},"schema":{"@context":"https:\/\/schema.org","@graph":[{"@type":"WebPage","@id":"https:\/\/bycorel.com\/es\/shop\/discovery-set-2\/","url":"https:\/\/bycorel.com\/es\/shop\/discovery-set-2\/","name":"Discovery Set - By Corel","isPartOf":{"@id":"https:\/\/bycorel.com\/#website"},"primaryImageOfPage":{"@id":"https:\/\/bycorel.com\/es\/shop\/discovery-set-2\/#primaryimage"},"image":{"@id":"https:\/\/bycorel.com\/es\/shop\/discovery-set-2\/#primaryimage"},"thumbnailUrl":"https:\/\/bycorel.com\/wp-content\/uploads\/2024\/07\/DSC_0286.jpg","datePublished":"2024-07-05T12:30:09+00:00","dateModified":"2024-11-26T21:33:52+00:00","breadcrumb":{"@id":"https:\/\/bycorel.com\/es\/shop\/discovery-set-2\/#breadcrumb"},"inLanguage":"es","potentialAction":[{"@type":"ReadAction","target":["https:\/\/bycorel.com\/es\/shop\/discovery-set-2\/"]}]},{"@type":"ImageObject","inLanguage":"es","@id":"https:\/\/bycorel.com\/es\/shop\/discovery-set-2\/#primaryimage","url":"https:\/\/bycorel.com\/wp-content\/uploads\/2024\/07\/DSC_0286.jpg","contentUrl":"https:\/\/bycorel.com\/wp-content\/uploads\/2024\/07\/DSC_0286.jpg","width":1667,"height":2500},{"@type":"BreadcrumbList","@id":"https:\/\/bycorel.com\/es\/shop\/discovery-set-2\/#breadcrumb","itemListElement":[{"@type":"ListItem","position":1,"name":"Strona g\u0142\u00f3wna","item":"https:\/\/bycorel.com\/es\/"},{"@type":"ListItem","position":2,"name":"Perfume","item":"https:\/\/bycorel.com\/es\/shop\/"},{"@type":"ListItem","position":3,"name":"Discovery Set"}]},{"@type":"WebSite","@id":"https:\/\/bycorel.com\/#website","url":"https:\/\/bycorel.com\/","name":"ByCorel","description":"","publisher":{"@id":"https:\/\/bycorel.com\/#organization"},"potentialAction":[{"@type":"SearchAction","target":{"@type":"EntryPoint","urlTemplate":"https:\/\/bycorel.com\/?s={search_term_string}"},"query-input":{"@type":"PropertyValueSpecification","valueRequired":true,"valueName":"search_term_string"}}],"inLanguage":"es"},{"@type":"Organization","@id":"https:\/\/bycorel.com\/#organization","name":"ByCorel","url":"https:\/\/bycorel.com\/","logo":{"@type":"ImageObject","inLanguage":"es","@id":"https:\/\/bycorel.com\/#\/schema\/logo\/image\/","url":"https:\/\/bycorel.com\/wp-content\/uploads\/2024\/05\/Bez-nazwy_black.svg","contentUrl":"https:\/\/bycorel.com\/wp-content\/uploads\/2024\/05\/Bez-nazwy_black.svg","caption":"ByCorel"},"image":{"@id":"https:\/\/bycorel.com\/#\/schema\/logo\/image\/"}}]}},"uagb_featured_image_src":{"full":["https:\/\/bycorel.com\/wp-content\/uploads\/2024\/07\/DSC_0286.jpg",1667,2500,false],"thumbnail":["https:\/\/bycorel.com\/wp-content\/uploads\/2024\/07\/DSC_0286-500x500.jpg",500,500,true],"medium":["https:\/\/bycorel.com\/wp-content\/uploads\/2024\/07\/DSC_0286-533x800.jpg",533,800,true],"medium_large":["https:\/\/bycorel.com\/wp-content\/uploads\/2024\/07\/DSC_0286-768x1152.jpg",768,1152,true],"large":["https:\/\/bycorel.com\/wp-content\/uploads\/2024\/07\/DSC_0286-683x1024.jpg",683,1024,true],"1536x1536":["https:\/\/bycorel.com\/wp-content\/uploads\/2024\/07\/DSC_0286-1024x1536.jpg",1024,1536,true],"2048x2048":["https:\/\/bycorel.com\/wp-content\/uploads\/2024\/07\/DSC_0286-1366x2048.jpg",1366,2048,true],"square-thumbnail":["https:\/\/bycorel.com\/wp-content\/uploads\/2024\/07\/DSC_0286-800x800.jpg",800,800,true],"max-square":["https:\/\/bycorel.com\/wp-content\/uploads\/2024\/07\/DSC_0286-800x800.jpg",800,800,true],"woocommerce_thumbnail":["https:\/\/bycorel.com\/wp-content\/uploads\/2024\/07\/DSC_0286-300x300.jpg",300,300,true],"woocommerce_single":["https:\/\/bycorel.com\/wp-content\/uploads\/2024\/07\/DSC_0286-600x900.jpg",600,900,true],"woocommerce_gallery_thumbnail":["https:\/\/bycorel.com\/wp-content\/uploads\/2024\/07\/DSC_0286-100x100.jpg",100,100,true]},"uagb_author_info":{"display_name":"Arkadiusz","author_link":"https:\/\/bycorel.com\/es\/author\/"},"uagb_comment_info":0,"uagb_excerpt":"El verdadero car\u00e1cter de una fragancia s\u00f3lo se descubre en tu propia piel. Pru\u00e9belas todas y encuentre la perfecta para usted. DIALMA 2 ml INVISIBLE DESIRE 2 ml SHARING CONCEPT 2 ml","_links":{"self":[{"href":"https:\/\/bycorel.com\/es\/wp-json\/wp\/v2\/product\/955","targetHints":{"allow":["GET"]}}],"collection":[{"href":"https:\/\/bycorel.com\/es\/wp-json\/wp\/v2\/product"}],"about":[{"href":"https:\/\/bycorel.com\/es\/wp-json\/wp\/v2\/types\/product"}],"wp:featuredmedia":[{"embeddable":true,"href":"https:\/\/bycorel.com\/es\/wp-json\/wp\/v2\/media\/2998"}],"wp:attachment":[{"href":"https:\/\/bycorel.com\/es\/wp-json\/wp\/v2\/media?parent=955"}],"wp:term":[{"taxonomy":"product_brand","embeddable":true,"href":"https:\/\/bycorel.com\/es\/wp-json\/wp\/v2\/product_brand?post=955"},{"taxonomy":"product_cat","embeddable":true,"href":"https:\/\/bycorel.com\/es\/wp-json\/wp\/v2\/product_cat?post=955"},{"taxonomy":"product_tag","embeddable":true,"href":"https:\/\/bycorel.com\/es\/wp-json\/wp\/v2\/product_tag?post=955"}],"curies":[{"name":"wp","href":"https:\/\/api.w.org\/{rel}","templated":true}]}}